{"id":13209,"date":"2018-02-03T19:42:20","date_gmt":"2018-02-03T17:42:20","guid":{"rendered":"http:\/\/www.christinaschlegl.de\/?page_id=13209"},"modified":"2020-09-08T19:41:25","modified_gmt":"2020-09-08T17:41:25","slug":"arbeiten","status":"publish","type":"page","link":"https:\/\/www.christinaschlegl.de\/en\/uber-dieses-weblog\/arbeiten","title":{"rendered":"Works"},"content":{"rendered":"<p><\/p>\n<p><strong>Samples of my previous scientific work:<\/strong><\/p>\n<ul>\n<li>Summary: <a href=\"https:\/\/www.christinaschlegl.de\/uber-dieses-weblog\/arbeiten\/attachment\/abstract_diploma_thesis_english\" rel=\"attachment wp-att-13295\">Abstract of my diploma thesis<\/a><\/li>\n<li>Summary: <a href=\"https:\/\/www.christinaschlegl.de\/uber-dieses-weblog\/arbeiten\/attachment\/finalreport_masterthesis\" rel=\"attachment wp-att-13292\">Final Report of my master thesis<\/a><\/li>\n<li>Presentation (German language): <a href=\"https:\/\/www.christinaschlegl.de\/uber-dieses-weblog\/arbeiten\/attachment\/disputationsfolien\" rel=\"attachment wp-att-13277\">Fremdverstehen und Identit\u00e4tskonstruktionen in interkulturellen Lernprozessen.<\/a><\/li>\n<li>Cover und cover blurb (German language): <a href=\"https:\/\/www.christinaschlegl.de\/uber-dieses-weblog\/arbeiten\/attachment\/978-3-658-17120-9_cover_titel\" rel=\"attachment wp-att-13280\">Mut zur Ver\u00e4nderung. Strategien zur Ann\u00e4herung an den Anderen.<\/a>\n<li>Extract: <a href=\"https:\/\/books.google.de\/books?id=Z6gZDgAAQBAJ&#038;printsec=frontcover&#038;hl=de&#038;source=gbs_atb#v=onepage&#038;q&#038;f=false\" rel=\"noopener noreferrer\" target=\"_blank\">Mut zur Ver\u00e4nderung. Strategien zur Ann\u00e4herung an den anderen.<\/a><\/li>\n<li>University lecturer (German language): <a href=\"https:\/\/www.christinaschlegl.de\/uber-dieses-weblog\/arbeiten\/attachment\/20141231_konzeptzumseminar\" rel=\"attachment wp-att-13286\">Seminar concept qualitative social research<\/a><\/li>\n<li>University lecturer: <a href=\"https:\/\/www.christinaschlegl.de\/uber-dieses-weblog\/arbeiten\/attachment\/20150323_kurskonzept_ik\" rel=\"attachment wp-att-13287\">Seminar concept intercultural communication<\/a><\/li>\n<\/ul>\n<p>\t<strong>Book reviews in the Geographischen Rundschau:<\/strong><\/p>\n<ul>\n<li><a href=\"https:\/\/www.christinaschlegl.de\/uber-dieses-weblog\/arbeiten\/attachment\/renzsion_saudiarabien\" rel=\"attachment wp-att-13408\">Rezension Saudi Arabien<\/a>.<\/li>\n<li><a href=\"https:\/\/www.christinaschlegl.de\/uber-dieses-weblog\/arbeiten\/attachment\/renzension_israel\" rel=\"attachment wp-att-13409\">Rezension Israel<\/a>.<\/li>\n<li><a href=\"https:\/\/www.christinaschlegl.de\/uber-dieses-weblog\/arbeiten\/attachment\/20171201_rezension_iran\" rel=\"attachment wp-att-13410\">Rezension Iran<\/a>.<\/li>\n<\/ul>\n<ul>\n<p>\t<strong>Journalistic works:<\/strong><\/p>\n<li><a href=\"https:\/\/www.christinaschlegl.de\/uber-dieses-weblog\/arbeiten\/attachment\/zeitungsartikel\" rel=\"attachment wp-att-13299\">Articles from the Jordan Times<\/a><\/li>\n<\/ul>\n<p><\/p>","protected":false},"excerpt":{"rendered":"<p>Samples of my previous scientific work: Summary: Abstract of my diploma thesis Summary: Final Report of my master thesis Presentation (German language): Fremdverstehen und Identit\u00e4tskonstruktionen in interkulturellen Lernprozessen. Cover und cover blurb (German language): Mut zur Ver\u00e4nderung. Strategien zur Ann\u00e4herung an den Anderen. Extract: Mut zur Ver\u00e4nderung. Strategien zur Ann\u00e4herung an den anderen. University lecturer (German language): Seminar concept qualitative<\/p>\n<p><a class=\"more-link\" href=\"https:\/\/www.christinaschlegl.de\/en\/uber-dieses-weblog\/arbeiten\">Read More<\/a><\/p>\n","protected":false},"author":1,"featured_media":13399,"parent":6,"menu_order":2,"comment_status":"closed","ping_status":"closed","template":"","meta":{"footnotes":""},"class_list":["post-13209","page","type-page","status-publish","has-post-thumbnail","hentry"],"_links":{"self":[{"href":"https:\/\/www.christinaschlegl.de\/en\/wp-json\/wp\/v2\/pages\/13209","targetHints":{"allow":["GET"]}}],"collection":[{"href":"https:\/\/www.christinaschlegl.de\/en\/wp-json\/wp\/v2\/pages"}],"about":[{"href":"https:\/\/www.christinaschlegl.de\/en\/wp-json\/wp\/v2\/types\/page"}],"author":[{"embeddable":true,"href":"https:\/\/www.christinaschlegl.de\/en\/wp-json\/wp\/v2\/users\/1"}],"replies":[{"embeddable":true,"href":"https:\/\/www.christinaschlegl.de\/en\/wp-json\/wp\/v2\/comments?post=13209"}],"version-history":[{"count":54,"href":"https:\/\/www.christinaschlegl.de\/en\/wp-json\/wp\/v2\/pages\/13209\/revisions"}],"predecessor-version":[{"id":13401,"href":"https:\/\/www.christinaschlegl.de\/en\/wp-json\/wp\/v2\/pages\/13209\/revisions\/13401"}],"up":[{"embeddable":true,"href":"https:\/\/www.christinaschlegl.de\/en\/wp-json\/wp\/v2\/pages\/6"}],"wp:featuredmedia":[{"embeddable":true,"href":"https:\/\/www.christinaschlegl.de\/en\/wp-json\/wp\/v2\/media\/13399"}],"wp:attachment":[{"href":"https:\/\/www.christinaschlegl.de\/en\/wp-json\/wp\/v2\/media?parent=13209"}],"curies":[{"name":"wp","href":"https:\/\/api.w.org\/{rel}","templated":true}]}}