{"id":12811,"date":"2018-01-06T19:46:48","date_gmt":"2018-01-06T17:46:48","guid":{"rendered":"http:\/\/www.christinaschlegl.de\/?page_id=12811"},"modified":"2018-01-09T18:10:25","modified_gmt":"2018-01-09T16:10:25","slug":"adrspassko-teplicke-skaly","status":"publish","type":"page","link":"https:\/\/www.christinaschlegl.de\/en\/unterwegs\/osteuropa\/adrspassko-teplicke-skaly","title":{"rendered":"Adr\u0161pa\u0161sko-Teplick\u00e9 sk\u00e1ly"},"content":{"rendered":"<p>Adr\u0161pach-Teplicer rocks are an extraordinary natural setting. They are the biggest and wildest rock city within Central Europe. Visiting the city promises a little adventure. One can walk through narrow gorges and is surrounded by very high formations of rock.<\/p>\n<p>The round trip through the city takes approximately 2-3 hours (that depends on how much time you spend for every gritstone) and is highly recommended. The rock city close to Adrsprach and Teplice is very popular both with general puplic as well as with tourists. That is why it makes sense to avoid visits on weekends and during summer holidays. At the entrance a kind of flyer is available giving you details on the city&#8217;s history and on the round trip through the place.<br \/>\n<div class=\"gmedia_gallery amron_module is_bot\" id=\"GmediaGallery_165_1\" data-gmid=\"165\" data-module=\"amron\"><script type=\"text\/javascript\">\n\t(function() {\n\t\tthis['GmediaGallery_165_1'] = {\n\t\t\t'settings':{\"collectionThumbRecomendedWidth\":\"260\",\"collectionPreloaderColor\":\"333333\",\"linkTargetWindow\":\"_blank\",\"thumbSpacing\":\"10\",\"tagsFilter\":\"1\",\"tagCloudAll\":\"All\",\"tagCloudTextColor\":\"rgba(0, 0, 0, 1)\",\"tagCloudTextColorOver\":\"rgba(255,255, 255, 1)\",\"tagCloudBgColor\":\"rgba(211, 211, 211, 1)\",\"tagCloudBgColorOver\":\"rgba(11, 11, 11, 1)\",\"collectionThumbHoverColor\":\"rgba(0, 0, 0, .7)\",\"collectionThumbContentBGColor\":\"rgba(245,245,245,1)\",\"collectionThumbTitleShow\":\"1\",\"collectionThumbTitleColor\":\"rgba(0,0,0,1)\",\"collectionThumbFontSize\":\"18\",\"collectionThumbDescriptionShow\":\"1\",\"collectionThumbDescriptionColor\":\"rgba(0,0,0,1)\",\"collectionThumbDescriptionFontSize\":\"15\",\"collectionReadMoreButtonLabel\":\"Read More\",\"collectionReadMoreButtonLabelColor\":\"rgba(255, 255, 255, 1)\",\"collectionReadMoreButtonBGColor\":\"rgba(0, 0, 0, 1)\",\"collectionReadMoreButtonLabelColorHover\":\"rgba(0, 0, 0, 1)\",\"collectionReadMoreButtonBGColorHover\":\"rgba(235,235,235,1)\",\"modaBgColor\":\"rgba(0,0,0,0.9)\",\"modalInfoBoxBgColor\":\"rgba(255,255,255,1)\",\"modalInfoBoxTitleTextColor\":\"000000\",\"modalInfoBoxTextColor\":\"333333\",\"infoBarCountersEnable\":\"1\",\"infoBarDateInfoEnable\":\"1\",\"lightBoxEnable\":\"1\",\"sliderPreloaderColor\":\"ffffff\",\"sliderBgColor\":\"rgba(0,0,0,0.8)\",\"sliderHeaderFooterBgColor\":\"000000\",\"sliderNavigationColor\":\"rgba(0,0,0,1)\",\"sliderNavigationIconColor\":\"rgba(255,255,255,1)\",\"sliderNavigationColorOver\":\"rgba(255,255,255,1)\",\"sliderNavigationIconColorOver\":\"rgba(0,0,0,1)\",\"sliderItemTitleFontSize\":\"24\",\"sliderItemTitleTextColor\":\"ffffff\",\"sliderThumbBarEnable\":\"0\",\"sliderThumbBarHoverColor\":\"ffffff\",\"sliderThumbSubMenuBackgroundColor\":\"rgba(0,0,0,1)\",\"sliderThumbSubMenuBackgroundColorOver\":\"rgba(255,255,255,1)\",\"sliderThumbSubMenuIconColor\":\"rgba(255,255,255,1)\",\"sliderThumbSubMenuIconHoverColor\":\"rgba(0,0,0,1)\",\"sliderInfoEnable\":\"1\",\"sliderItemDownload\":\"1\",\"sliderItemDiscuss\":\"1\",\"sliderSocialShareEnabled\":\"1\",\"sliderLikesEnabled\":\"1\",\"customCSS\":\"\",\"module_url\":\"https:\\\/\\\/www.christinaschlegl.de\\\/wp-content\\\/plugins\\\/grand-media\\\/module\\\/amron\",\"license\":\"\",\"post_url\":\"https:\\\/\\\/www.christinaschlegl.de\\\/en\\\/wp-json\\\/wp\\\/v2\\\/pages\\\/12811\"},\n\t\t\t'appQuery':{\"orderby\":\"date\",\"order\":\"ASC\",\"album__in\":\"165\",\"status\":[\"publish\"],\"limit\":100},\n\t\t\t'appApi':\"https:\\\/\\\/www.christinaschlegl.de\\\/en\\\/?gmedia-app=1&gmappversion=4&gmmodule=1\",\n\t\t\t'appInfo':{\"name\":\"Adr\\u0161pach-Teplicer Felsen\",\"description\":\"Adr\\u0161pach-Teplicer Felsen sind ein Naturerlebnis der besonderen Art. Sie bilden die gr\\u00f6\\u00dfte und wildeste Felsenstadt in Mitteleuropa. Ein weiteres Highlight sind die Prachauer Felsen nordwestlich von Ji\\u010d\\u00edn.\"}};\n\t})();\n<\/script>\n<\/div><br \/>\n<\/p>","protected":false},"excerpt":{"rendered":"<p>Adr\u0161pach-Teplicer rocks are an extraordinary natural setting. They are the biggest and wildest rock city within Central Europe. Visiting the city promises a little adventure. One can walk through narrow gorges and is surrounded by very high formations of rock. The round trip through the city takes approximately 2-3 hours (that depends on how much time you spend for every<\/p>\n<p><a class=\"more-link\" href=\"https:\/\/www.christinaschlegl.de\/en\/unterwegs\/osteuropa\/adrspassko-teplicke-skaly\">Read More<\/a><\/p>\n","protected":false},"author":1,"featured_media":0,"parent":12167,"menu_order":0,"comment_status":"closed","ping_status":"closed","template":"","meta":{"footnotes":""},"class_list":["post-12811","page","type-page","status-publish","hentry"],"_links":{"self":[{"href":"https:\/\/www.christinaschlegl.de\/en\/wp-json\/wp\/v2\/pages\/12811","targetHints":{"allow":["GET"]}}],"collection":[{"href":"https:\/\/www.christinaschlegl.de\/en\/wp-json\/wp\/v2\/pages"}],"about":[{"href":"https:\/\/www.christinaschlegl.de\/en\/wp-json\/wp\/v2\/types\/page"}],"author":[{"embeddable":true,"href":"https:\/\/www.christinaschlegl.de\/en\/wp-json\/wp\/v2\/users\/1"}],"replies":[{"embeddable":true,"href":"https:\/\/www.christinaschlegl.de\/en\/wp-json\/wp\/v2\/comments?post=12811"}],"version-history":[{"count":6,"href":"https:\/\/www.christinaschlegl.de\/en\/wp-json\/wp\/v2\/pages\/12811\/revisions"}],"predecessor-version":[{"id":12973,"href":"https:\/\/www.christinaschlegl.de\/en\/wp-json\/wp\/v2\/pages\/12811\/revisions\/12973"}],"up":[{"embeddable":true,"href":"https:\/\/www.christinaschlegl.de\/en\/wp-json\/wp\/v2\/pages\/12167"}],"wp:attachment":[{"href":"https:\/\/www.christinaschlegl.de\/en\/wp-json\/wp\/v2\/media?parent=12811"}],"curies":[{"name":"wp","href":"https:\/\/api.w.org\/{rel}","templated":true}]}}